{"id":22296,"date":"2022-04-05T11:58:43","date_gmt":"2022-04-05T09:58:43","guid":{"rendered":"https:\/\/www.olikrom.com\/?page_id=22296"},"modified":"2026-01-06T11:45:30","modified_gmt":"2026-01-06T09:45:30","slug":"validation-contact","status":"publish","type":"page","link":"https:\/\/www.olikrom.com\/fr\/validation-contact\/","title":{"rendered":"Votre message a bien \u00e9t\u00e9 envoy\u00e9"},"content":{"rendered":"<div id=\"pl-22296\"  class=\"panel-layout\" ><div id=\"pg-22296-0\"  class=\"panel-grid panel-no-style\" ><div id=\"pgc-22296-0-0\"  class=\"panel-grid-cell\" ><div id=\"panel-22296-0-0-0\" class=\"so-panel widget widget_sow-editor panel-first-child\" data-index=\"0\" ><div\n\t\t\t\n\t\t\tclass=\"so-widget-sow-editor so-widget-sow-editor-base\"\n\t\t\t\n\t\t>\n<div class=\"siteorigin-widget-tinymce textwidget\">\n\t<p>Bonjour,<\/p>\n<p>Nous vous remercions pour votre message et vous confirmons que celui-ci a bien \u00e9t\u00e9 transmis aux \u00e9quipes concern\u00e9es.<\/p>\n<p>Nous vous apporterons une r\u00e9ponse d\u00e8s que possible.<\/p>\n<p>Dans l'attente, n'h\u00e9sitez pas \u00e0\u00a0<a href=\"https:\/\/www.linkedin.com\/company\/olikrom\/\" target=\"_blank\" rel=\"noopener\">suivre nos derni\u00e8res actualit\u00e9s sur LinkedIn<\/a>.<\/p>\n<\/div>\n<\/div><\/div><div id=\"panel-22296-0-0-1\" class=\"widget_text so-panel widget widget_custom_html panel-last-child\" data-index=\"1\" ><div class=\"textwidget custom-html-widget\"><script>\n\tvar url_string = window.location.href;\nvar url = new URL(url_string);\nvar c = url.searchParams.get(\"votre_demande\");\ndataLayer.push({\n 'event': 'contact_form_submitted',\n 'form_id': '11',\n 'form_name': 'Formulaire contact',\n 'field_request' : c\n });\n<\/script><\/div><\/div><\/div><\/div><\/div>","protected":false},"excerpt":{"rendered":"<p>Bonjour, Nous vous remercions pour votre message et vous confirmons que celui-ci a bien \u00e9t\u00e9 transmis aux \u00e9quipes concern\u00e9es. Nous vous apporterons une r\u00e9ponse d\u00e8s que possible. Dans l&rsquo;attente, [&hellip;]<\/p>\n","protected":false},"author":4,"featured_media":0,"parent":14401,"menu_order":150,"comment_status":"closed","ping_status":"closed","template":"","meta":{"inline_featured_image":false,"footnotes":""},"class_list":["post-22296","page","type-page","status-publish","hentry"],"yoast_head":"<!-- This site is optimized with the Yoast SEO plugin v27.5 - https:\/\/yoast.com\/product\/yoast-seo-wordpress\/ -->\n<title>Votre message a bien \u00e9t\u00e9 envoy\u00e9 - OliKrom<\/title>\n<meta name=\"description\" content=\"Notre \u00e9quipe va r\u00e9pondre le plus rapidement \u00e0 votre message. Nous reviendrons vers vous rapidement.\" \/>\n<meta name=\"robots\" content=\"noindex, follow\" \/>\n<meta property=\"og:locale\" content=\"fr_FR\" \/>\n<meta property=\"og:type\" content=\"article\" \/>\n<meta property=\"og:title\" content=\"Votre message a bien \u00e9t\u00e9 envoy\u00e9 - OliKrom\" \/>\n<meta property=\"og:description\" content=\"Notre \u00e9quipe va r\u00e9pondre le plus rapidement \u00e0 votre message. Nous reviendrons vers vous rapidement.\" \/>\n<meta property=\"og:url\" content=\"https:\/\/www.olikrom.com\/fr\/validation-contact\/\" \/>\n<meta property=\"og:site_name\" content=\"OliKrom\" \/>\n<meta property=\"article:modified_time\" content=\"2026-01-06T09:45:30+00:00\" \/>\n<meta name=\"twitter:card\" content=\"summary_large_image\" \/>\n<script type=\"application\/ld+json\" class=\"yoast-schema-graph\">{\"@context\":\"https:\\\/\\\/schema.org\",\"@graph\":[{\"@type\":\"WebPage\",\"@id\":\"https:\\\/\\\/www.olikrom.com\\\/fr\\\/validation-contact\\\/\",\"url\":\"https:\\\/\\\/www.olikrom.com\\\/fr\\\/validation-contact\\\/\",\"name\":\"Votre message a bien \u00e9t\u00e9 envoy\u00e9 - OliKrom\",\"isPartOf\":{\"@id\":\"https:\\\/\\\/www.olikrom.com\\\/fr\\\/#website\"},\"datePublished\":\"2022-04-05T09:58:43+00:00\",\"dateModified\":\"2026-01-06T09:45:30+00:00\",\"description\":\"Notre \u00e9quipe va r\u00e9pondre le plus rapidement \u00e0 votre message. Nous reviendrons vers vous rapidement.\",\"breadcrumb\":{\"@id\":\"https:\\\/\\\/www.olikrom.com\\\/fr\\\/validation-contact\\\/#breadcrumb\"},\"inLanguage\":\"fr-FR\",\"potentialAction\":[{\"@type\":\"ReadAction\",\"target\":[\"https:\\\/\\\/www.olikrom.com\\\/fr\\\/validation-contact\\\/\"]}]},{\"@type\":\"BreadcrumbList\",\"@id\":\"https:\\\/\\\/www.olikrom.com\\\/fr\\\/validation-contact\\\/#breadcrumb\",\"itemListElement\":[{\"@type\":\"ListItem\",\"position\":1,\"name\":\"Home\",\"item\":\"https:\\\/\\\/www.olikrom.com\\\/fr\\\/\"},{\"@type\":\"ListItem\",\"position\":2,\"name\":\"Contact\",\"item\":\"https:\\\/\\\/www.olikrom.com\\\/fr\\\/contact\\\/\"},{\"@type\":\"ListItem\",\"position\":3,\"name\":\"Votre message a bien \u00e9t\u00e9 envoy\u00e9\"}]},{\"@type\":\"WebSite\",\"@id\":\"https:\\\/\\\/www.olikrom.com\\\/fr\\\/#website\",\"url\":\"https:\\\/\\\/www.olikrom.com\\\/fr\\\/\",\"name\":\"OliKrom\",\"description\":\"\",\"publisher\":{\"@id\":\"https:\\\/\\\/www.olikrom.com\\\/fr\\\/#organization\"},\"potentialAction\":[{\"@type\":\"SearchAction\",\"target\":{\"@type\":\"EntryPoint\",\"urlTemplate\":\"https:\\\/\\\/www.olikrom.com\\\/fr\\\/?s={search_term_string}\"},\"query-input\":{\"@type\":\"PropertyValueSpecification\",\"valueRequired\":true,\"valueName\":\"search_term_string\"}}],\"inLanguage\":\"fr-FR\"},{\"@type\":\"Organization\",\"@id\":\"https:\\\/\\\/www.olikrom.com\\\/fr\\\/#organization\",\"name\":\"Olikrom\",\"url\":\"https:\\\/\\\/www.olikrom.com\\\/fr\\\/\",\"logo\":{\"@type\":\"ImageObject\",\"inLanguage\":\"fr-FR\",\"@id\":\"https:\\\/\\\/www.olikrom.com\\\/fr\\\/#\\\/schema\\\/logo\\\/image\\\/\",\"url\":\"https:\\\/\\\/www.olikrom.com\\\/wp-content\\\/uploads\\\/2022\\\/01\\\/olikrom-logo-couleurs-2021-ok.png\",\"contentUrl\":\"https:\\\/\\\/www.olikrom.com\\\/wp-content\\\/uploads\\\/2022\\\/01\\\/olikrom-logo-couleurs-2021-ok.png\",\"width\":285,\"height\":84,\"caption\":\"Olikrom\"},\"image\":{\"@id\":\"https:\\\/\\\/www.olikrom.com\\\/fr\\\/#\\\/schema\\\/logo\\\/image\\\/\"}}]}<\/script>\n<!-- \/ Yoast SEO plugin. -->","yoast_head_json":{"title":"Votre message a bien \u00e9t\u00e9 envoy\u00e9 - OliKrom","description":"Notre \u00e9quipe va r\u00e9pondre le plus rapidement \u00e0 votre message. Nous reviendrons vers vous rapidement.","robots":{"index":"noindex","follow":"follow"},"og_locale":"fr_FR","og_type":"article","og_title":"Votre message a bien \u00e9t\u00e9 envoy\u00e9 - OliKrom","og_description":"Notre \u00e9quipe va r\u00e9pondre le plus rapidement \u00e0 votre message. Nous reviendrons vers vous rapidement.","og_url":"https:\/\/www.olikrom.com\/fr\/validation-contact\/","og_site_name":"OliKrom","article_modified_time":"2026-01-06T09:45:30+00:00","twitter_card":"summary_large_image","schema":{"@context":"https:\/\/schema.org","@graph":[{"@type":"WebPage","@id":"https:\/\/www.olikrom.com\/fr\/validation-contact\/","url":"https:\/\/www.olikrom.com\/fr\/validation-contact\/","name":"Votre message a bien \u00e9t\u00e9 envoy\u00e9 - OliKrom","isPartOf":{"@id":"https:\/\/www.olikrom.com\/fr\/#website"},"datePublished":"2022-04-05T09:58:43+00:00","dateModified":"2026-01-06T09:45:30+00:00","description":"Notre \u00e9quipe va r\u00e9pondre le plus rapidement \u00e0 votre message. Nous reviendrons vers vous rapidement.","breadcrumb":{"@id":"https:\/\/www.olikrom.com\/fr\/validation-contact\/#breadcrumb"},"inLanguage":"fr-FR","potentialAction":[{"@type":"ReadAction","target":["https:\/\/www.olikrom.com\/fr\/validation-contact\/"]}]},{"@type":"BreadcrumbList","@id":"https:\/\/www.olikrom.com\/fr\/validation-contact\/#breadcrumb","itemListElement":[{"@type":"ListItem","position":1,"name":"Home","item":"https:\/\/www.olikrom.com\/fr\/"},{"@type":"ListItem","position":2,"name":"Contact","item":"https:\/\/www.olikrom.com\/fr\/contact\/"},{"@type":"ListItem","position":3,"name":"Votre message a bien \u00e9t\u00e9 envoy\u00e9"}]},{"@type":"WebSite","@id":"https:\/\/www.olikrom.com\/fr\/#website","url":"https:\/\/www.olikrom.com\/fr\/","name":"OliKrom","description":"","publisher":{"@id":"https:\/\/www.olikrom.com\/fr\/#organization"},"potentialAction":[{"@type":"SearchAction","target":{"@type":"EntryPoint","urlTemplate":"https:\/\/www.olikrom.com\/fr\/?s={search_term_string}"},"query-input":{"@type":"PropertyValueSpecification","valueRequired":true,"valueName":"search_term_string"}}],"inLanguage":"fr-FR"},{"@type":"Organization","@id":"https:\/\/www.olikrom.com\/fr\/#organization","name":"Olikrom","url":"https:\/\/www.olikrom.com\/fr\/","logo":{"@type":"ImageObject","inLanguage":"fr-FR","@id":"https:\/\/www.olikrom.com\/fr\/#\/schema\/logo\/image\/","url":"https:\/\/www.olikrom.com\/wp-content\/uploads\/2022\/01\/olikrom-logo-couleurs-2021-ok.png","contentUrl":"https:\/\/www.olikrom.com\/wp-content\/uploads\/2022\/01\/olikrom-logo-couleurs-2021-ok.png","width":285,"height":84,"caption":"Olikrom"},"image":{"@id":"https:\/\/www.olikrom.com\/fr\/#\/schema\/logo\/image\/"}}]}},"_links":{"self":[{"href":"https:\/\/www.olikrom.com\/fr\/wp-json\/wp\/v2\/pages\/22296","targetHints":{"allow":["GET"]}}],"collection":[{"href":"https:\/\/www.olikrom.com\/fr\/wp-json\/wp\/v2\/pages"}],"about":[{"href":"https:\/\/www.olikrom.com\/fr\/wp-json\/wp\/v2\/types\/page"}],"author":[{"embeddable":true,"href":"https:\/\/www.olikrom.com\/fr\/wp-json\/wp\/v2\/users\/4"}],"replies":[{"embeddable":true,"href":"https:\/\/www.olikrom.com\/fr\/wp-json\/wp\/v2\/comments?post=22296"}],"version-history":[{"count":6,"href":"https:\/\/www.olikrom.com\/fr\/wp-json\/wp\/v2\/pages\/22296\/revisions"}],"predecessor-version":[{"id":36230,"href":"https:\/\/www.olikrom.com\/fr\/wp-json\/wp\/v2\/pages\/22296\/revisions\/36230"}],"up":[{"embeddable":true,"href":"https:\/\/www.olikrom.com\/fr\/wp-json\/wp\/v2\/pages\/14401"}],"wp:attachment":[{"href":"https:\/\/www.olikrom.com\/fr\/wp-json\/wp\/v2\/media?parent=22296"}],"curies":[{"name":"wp","href":"https:\/\/api.w.org\/{rel}","templated":true}]}}