{"id":18804,"date":"2022-02-21T12:27:55","date_gmt":"2022-02-21T10:27:55","guid":{"rendered":"https:\/\/www.olikrom.com\/?page_id=18804"},"modified":"2023-04-27T10:29:25","modified_gmt":"2023-04-27T08:29:25","slug":"politique-de-confidentialite","status":"publish","type":"page","link":"https:\/\/www.olikrom.com\/fr\/politique-de-confidentialite\/","title":{"rendered":"Politique de confidentialit\u00e9"},"content":{"rendered":"<div id=\"pl-18804\"  class=\"panel-layout\" ><div id=\"pg-18804-0\"  class=\"panel-grid panel-no-style\" ><div id=\"pgc-18804-0-0\"  class=\"panel-grid-cell\" ><div id=\"panel-18804-0-0-0\" class=\"so-panel widget widget_sow-editor panel-first-child panel-last-child\" data-index=\"0\" ><div\n\t\t\t\n\t\t\tclass=\"so-widget-sow-editor so-widget-sow-editor-base\"\n\t\t\t\n\t\t>\n<div class=\"siteorigin-widget-tinymce textwidget\">\n\t<p><!-- wp:heading --><\/p>\n<h2>Responsable de traitement<\/h2>\n<p>OliKrom est une soci\u00e9t\u00e9 par actions simplifi\u00e9es (SAS) au capital de 22 330\u20ac situ\u00e9e au 2 Avenue de Canteranne, 33600 PESSAC (France).<\/p>\n<p>&nbsp;<\/p>\n<h2>Principes de protection des donn\u00e9es personnelles poursuivis<\/h2>\n<p><!-- \/wp:heading --><!-- wp:paragraph --><\/p>\n<p>La strat\u00e9gie de protection des donn\u00e9es OliKrom SAS repose sur deux principes fondateurs :<\/p>\n<ul>\n<li>Formation et sensibilisation : les collaborateurs sont form\u00e9s et sensibilis\u00e9s r\u00e9guli\u00e8rement sur le sujet des donn\u00e9es \u00e0 caract\u00e8re personnel. Diff\u00e9rents supports ont \u00e9t\u00e9 r\u00e9dig\u00e9s \u00e0 cet effet.<\/li>\n<li>Encadrement des sous-traitants : des clauses sp\u00e9cifiques de conformit\u00e9 et de s\u00e9curit\u00e9 ont \u00e9t\u00e9 r\u00e9dig\u00e9es et contractualis\u00e9es avec l\u2019ensemble des tiers qui participent \u00e0 nos traitements de donn\u00e9es \u00e0 caract\u00e8re personnel.<\/li>\n<\/ul>\n<p>&nbsp;<\/p>\n<p><!-- \/wp:paragraph --><!-- wp:heading --><\/p>\n<p><!-- \/wp:paragraph --><!-- wp:heading --><\/p>\n<p><!-- \/wp:paragraph --><!-- wp:heading --><\/p>\n<h2>Destinataires des donn\u00e9es et transfert hors UE<\/h2>\n<p><!-- \/wp:heading --><!-- wp:paragraph --><\/p>\n<p><!-- \/wp:paragraph --><!-- wp:paragraph --><\/p>\n<p>OliKrom est la seule entreprise destinataire des donn\u00e9es \u00e0 caract\u00e8re personnel que nous collectons et traitons.<\/p>\n<p>Les donn\u00e9es collect\u00e9es \u00e0 des fins commerciales sont trait\u00e9es et exploit\u00e9es exclusivement par OliKrom SAS. Elles ne sont pas c\u00e9d\u00e9es, que ce soit \u00e0 titre gratuit ou on\u00e9reux, \u00e0 des acteurs tiers.<\/p>\n<p>OliKrom SAS ne proc\u00e8de \u00e0 aucun transfert de donn\u00e9es \u00e0 caract\u00e8re personnel hors de l\u2019Union Europ\u00e9enne.<\/p>\n<p>&nbsp;<\/p>\n<h2>Vos droits relatifs \u00e0 vos donn\u00e9es \u00e0 caract\u00e8re personnel<\/h2>\n<p>Conform\u00e9ment au R\u00e8glement G\u00e9n\u00e9ral sur la Protection des Donn\u00e9es n\u00b02016\/679, vous disposez d\u2019un droit d\u2019acc\u00e8s, de rectification, d\u2019opposition, de limitation, d\u2019effacement et de portabilit\u00e9 des donn\u00e9es vous concernant. Vous disposez \u00e9galement du droit d\u2019introduire une r\u00e9clamation aupr\u00e8s de la CNIL si vous estimez que nous ne proc\u00e9dons pas \u00e0 un traitement de vos donn\u00e9es \u00e0 caract\u00e8re personnel conform\u00e9ment \u00e0 la loi.<\/p>\n<p>Pour exercer ces droits, vous pouvez <a href=\"https:\/\/www.olikrom.com\/fr\/contact\/\">nous contacter<\/a>.<\/p>\n<p>&nbsp;<\/p>\n<h2>Gestion de vos donn\u00e9es personnelles sur notre site internet<\/h2>\n<h3>Formulaires de contact<\/h3>\n<p>Les informations recueillies sur les formulaires de contact du site sont enregistr\u00e9es dans un fichier informatis\u00e9 (h\u00e9berg\u00e9 sur le sol europ\u00e9en) par OliKrom SAS \u00e0 des fins informatives et commerciales. Elles sont conserv\u00e9es pendant une dur\u00e9e de 10 ans \u00e0 compter du recueil du consentement et sont destin\u00e9es exclusivement aux \u00e9quipes de la soci\u00e9t\u00e9 OliKrom SAS.<\/p>\n<p>&nbsp;<\/p>\n<h3>Cookies et vie priv\u00e9e<\/h3>\n<p>Les cookies de ce site sont exempt\u00e9s de recueil de consentement comme le permet la d\u00e9lib\u00e9ration CNIL n\u00b02020-091, dans la mesure o\u00f9 ces derniers sont strictement n\u00e9cessaires au fonctionnement du site.<\/p>\n<p>Ce site Internet utilise deux outils de mesure d\u2019audience, Google Analytics et Matomo, qui peuvent n\u00e9cessiter l\u2019installation de cookies sur votre terminal. Ces cookies sont utilis\u00e9s exclusivement \u00e0 titre de mesures statistiques de ce site Internet (volume de fr\u00e9quentation, pages visit\u00e9es, origine g\u00e9ographique de l\u2019internaute\u2026).<\/p>\n<p>Pour en savoir plus, consultez\u00a0<a href=\"https:\/\/www.olikrom.com\/fr\/politique-de-cookies-ue\/\">notre page de gestion des cookies<\/a>.<\/p>\n<p>&nbsp;<\/p>\n<h3>Newsletter<\/h3>\n<p>Afin de vous faire part de nos actualit\u00e9s, nous vous donnons la possibilit\u00e9 de vous inscrire \u00e0 notre newsletter. Les donn\u00e9es r\u00e9colt\u00e9es seront enregistr\u00e9es dans notre outil de GRC, et seront conserv\u00e9es jusqu\u2019au d\u00e9sabonnement du contact.<\/p>\n<p>Il est important de noter que vous disposez de la possibilit\u00e9 de vous d\u00e9sabonner \u00e0 tout moment de notre newsletter. Pour ce faire, vous pouvez :<\/p>\n<ul>\n<li>Utiliser les liens de d\u00e9sabonnement qui se situe en bas de chaque newsletter envoy\u00e9e,<\/li>\n<li>Exprimer cette demande en <a href=\"https:\/\/www.olikrom.com\/fr\/contact\/\">nous envoyant un message<\/a>.<\/li>\n<\/ul>\n<p><!-- \/wp:paragraph --><\/p>\n<\/div>\n<\/div><\/div><\/div><\/div><div id=\"pg-18804-1\"  class=\"panel-grid panel-no-style\" ><div id=\"pgc-18804-1-0\"  class=\"panel-grid-cell\" >\t\t<!-- not cached-link-it-widget --><div id=\"panel-18804-1-0-0\" class=\"so-panel widget widget_netconcept_link_it panel-first-child panel-last-child\" data-index=\"1\" ><div id=\"pl-17578\"  class=\"panel-layout\" ><div id=\"pg-17578-0\"  class=\"panel-grid panel-has-style\" ><div class=\"texte_blanc filtre_image bloc_newsletter siteorigin-panels-stretch panel-row-style panel-row-style-for-17578-0\" data-stretch-type=\"full\" ><div id=\"pgc-17578-0-0\"  class=\"panel-grid-cell\" ><div id=\"panel-17578-0-0-0\" class=\"so-panel widget widget_siteorigin-panels-builder panel-first-child panel-last-child\" data-index=\"0\" ><div id=\"pl-w636b6574e1a5d\"  class=\"panel-layout\" ><div id=\"pg-w636b6574e1a5d-0\"  class=\"panel-grid panel-has-style\" ><div class=\"taille_grille bloc_newsletter panel-row-style panel-row-style-for-w636b6574e1a5d-0\" ><div id=\"pgc-w636b6574e1a5d-0-0\"  class=\"panel-grid-cell\" ><div id=\"panel-w636b6574e1a5d-0-0-0\" class=\"so-panel widget widget_sow-editor panel-first-child panel-last-child\" data-index=\"0\" ><div\n\t\t\t\n\t\t\tclass=\"so-widget-sow-editor so-widget-sow-editor-base\"\n\t\t\t\n\t\t>\n<div class=\"siteorigin-widget-tinymce textwidget\">\n\t<div class=\"h3-like\" style=\"text-align: center;\"><span style=\"font-size: 36px;\">Newsletter<\/span><\/div>\n<p style=\"text-align: center;\"><span style=\"font-size: 24px;\">Recevez les innovations et les actualit\u00e9s OliKrom dans votre bo\u00eete mail !<\/span><\/p>\n<p style=\"text-align: center;\">\n<div class=\"btn_orange\" style=\"text-align: center;\"><a href=\"https:\/\/www.olikrom.com\/fr\/inscription-newsletter\/\">Je m'abonne<\/a><\/div><\/p>\n<\/div>\n<\/div><\/div><\/div><\/div><\/div><\/div><\/div><\/div><\/div><\/div><\/div><\/div><!-- not cached-link-it-widget --><\/div><\/div><\/div>","protected":false},"excerpt":{"rendered":"<p>Responsable de traitement OliKrom est une soci\u00e9t\u00e9 par actions simplifi\u00e9es (SAS) au capital de 22 330\u20ac situ\u00e9e au 2 Avenue de Canteranne, 33600 PESSAC (France). &nbsp; Principes de protection [&hellip;]<\/p>\n","protected":false},"author":4,"featured_media":28613,"parent":0,"menu_order":141,"comment_status":"closed","ping_status":"closed","template":"","meta":{"inline_featured_image":false,"footnotes":""},"class_list":["post-18804","page","type-page","status-publish","has-post-thumbnail","hentry"],"yoast_head":"<!-- This site is optimized with the Yoast SEO plugin v27.3 - https:\/\/yoast.com\/product\/yoast-seo-wordpress\/ -->\n<title>Politique de confidentialit\u00e9 - OliKrom, leader des mat\u00e9riaux intelligents<\/title>\n<meta name=\"description\" content=\"Retrouvez notre politique de confidentialit\u00e9. Cette politique s&#039;applique \u00e0 tout internaute visitant le site.\" \/>\n<meta name=\"robots\" content=\"noindex, follow\" \/>\n<meta property=\"og:locale\" content=\"fr_FR\" \/>\n<meta property=\"og:type\" content=\"article\" \/>\n<meta property=\"og:title\" content=\"Politique de confidentialit\u00e9 - OliKrom, leader des mat\u00e9riaux intelligents\" \/>\n<meta property=\"og:description\" content=\"Retrouvez notre politique de confidentialit\u00e9. Cette politique s&#039;applique \u00e0 tout internaute visitant le site.\" \/>\n<meta property=\"og:url\" content=\"https:\/\/www.olikrom.com\/fr\/politique-de-confidentialite\/\" \/>\n<meta property=\"og:site_name\" content=\"OliKrom\" \/>\n<meta property=\"article:modified_time\" content=\"2023-04-27T08:29:25+00:00\" \/>\n<meta property=\"og:image\" content=\"https:\/\/www.olikrom.com\/wp-content\/uploads\/2022\/07\/logo-Olikrom-big.jpg\" \/>\n\t<meta property=\"og:image:width\" content=\"500\" \/>\n\t<meta property=\"og:image:height\" content=\"500\" \/>\n\t<meta property=\"og:image:type\" content=\"image\/jpeg\" \/>\n<meta name=\"twitter:card\" content=\"summary_large_image\" \/>\n<meta name=\"twitter:label1\" content=\"Dur\u00e9e de lecture estim\u00e9e\" \/>\n\t<meta name=\"twitter:data1\" content=\"3 minutes\" \/>\n<script type=\"application\/ld+json\" class=\"yoast-schema-graph\">{\"@context\":\"https:\\\/\\\/schema.org\",\"@graph\":[{\"@type\":\"WebPage\",\"@id\":\"https:\\\/\\\/www.olikrom.com\\\/fr\\\/politique-de-confidentialite\\\/\",\"url\":\"https:\\\/\\\/www.olikrom.com\\\/fr\\\/politique-de-confidentialite\\\/\",\"name\":\"Politique de confidentialit\u00e9 - OliKrom, leader des mat\u00e9riaux intelligents\",\"isPartOf\":{\"@id\":\"https:\\\/\\\/www.olikrom.com\\\/fr\\\/#website\"},\"primaryImageOfPage\":{\"@id\":\"https:\\\/\\\/www.olikrom.com\\\/fr\\\/politique-de-confidentialite\\\/#primaryimage\"},\"image\":{\"@id\":\"https:\\\/\\\/www.olikrom.com\\\/fr\\\/politique-de-confidentialite\\\/#primaryimage\"},\"thumbnailUrl\":\"https:\\\/\\\/www.olikrom.com\\\/wp-content\\\/uploads\\\/2022\\\/07\\\/logo-Olikrom-big.jpg\",\"datePublished\":\"2022-02-21T10:27:55+00:00\",\"dateModified\":\"2023-04-27T08:29:25+00:00\",\"description\":\"Retrouvez notre politique de confidentialit\u00e9. Cette politique s'applique \u00e0 tout internaute visitant le site.\",\"breadcrumb\":{\"@id\":\"https:\\\/\\\/www.olikrom.com\\\/fr\\\/politique-de-confidentialite\\\/#breadcrumb\"},\"inLanguage\":\"fr-FR\",\"potentialAction\":[{\"@type\":\"ReadAction\",\"target\":[\"https:\\\/\\\/www.olikrom.com\\\/fr\\\/politique-de-confidentialite\\\/\"]}]},{\"@type\":\"ImageObject\",\"inLanguage\":\"fr-FR\",\"@id\":\"https:\\\/\\\/www.olikrom.com\\\/fr\\\/politique-de-confidentialite\\\/#primaryimage\",\"url\":\"https:\\\/\\\/www.olikrom.com\\\/wp-content\\\/uploads\\\/2022\\\/07\\\/logo-Olikrom-big.jpg\",\"contentUrl\":\"https:\\\/\\\/www.olikrom.com\\\/wp-content\\\/uploads\\\/2022\\\/07\\\/logo-Olikrom-big.jpg\",\"width\":500,\"height\":500,\"caption\":\"logo-Olikrom\"},{\"@type\":\"BreadcrumbList\",\"@id\":\"https:\\\/\\\/www.olikrom.com\\\/fr\\\/politique-de-confidentialite\\\/#breadcrumb\",\"itemListElement\":[{\"@type\":\"ListItem\",\"position\":1,\"name\":\"Home\",\"item\":\"https:\\\/\\\/www.olikrom.com\\\/fr\\\/\"},{\"@type\":\"ListItem\",\"position\":2,\"name\":\"Politique de confidentialit\u00e9\"}]},{\"@type\":\"WebSite\",\"@id\":\"https:\\\/\\\/www.olikrom.com\\\/fr\\\/#website\",\"url\":\"https:\\\/\\\/www.olikrom.com\\\/fr\\\/\",\"name\":\"OliKrom\",\"description\":\"\",\"publisher\":{\"@id\":\"https:\\\/\\\/www.olikrom.com\\\/fr\\\/#organization\"},\"potentialAction\":[{\"@type\":\"SearchAction\",\"target\":{\"@type\":\"EntryPoint\",\"urlTemplate\":\"https:\\\/\\\/www.olikrom.com\\\/fr\\\/?s={search_term_string}\"},\"query-input\":{\"@type\":\"PropertyValueSpecification\",\"valueRequired\":true,\"valueName\":\"search_term_string\"}}],\"inLanguage\":\"fr-FR\"},{\"@type\":\"Organization\",\"@id\":\"https:\\\/\\\/www.olikrom.com\\\/fr\\\/#organization\",\"name\":\"Olikrom\",\"url\":\"https:\\\/\\\/www.olikrom.com\\\/fr\\\/\",\"logo\":{\"@type\":\"ImageObject\",\"inLanguage\":\"fr-FR\",\"@id\":\"https:\\\/\\\/www.olikrom.com\\\/fr\\\/#\\\/schema\\\/logo\\\/image\\\/\",\"url\":\"https:\\\/\\\/www.olikrom.com\\\/wp-content\\\/uploads\\\/2022\\\/01\\\/olikrom-logo-couleurs-2021-ok.png\",\"contentUrl\":\"https:\\\/\\\/www.olikrom.com\\\/wp-content\\\/uploads\\\/2022\\\/01\\\/olikrom-logo-couleurs-2021-ok.png\",\"width\":285,\"height\":84,\"caption\":\"Olikrom\"},\"image\":{\"@id\":\"https:\\\/\\\/www.olikrom.com\\\/fr\\\/#\\\/schema\\\/logo\\\/image\\\/\"}}]}<\/script>\n<!-- \/ Yoast SEO plugin. -->","yoast_head_json":{"title":"Politique de confidentialit\u00e9 - OliKrom, leader des mat\u00e9riaux intelligents","description":"Retrouvez notre politique de confidentialit\u00e9. Cette politique s'applique \u00e0 tout internaute visitant le site.","robots":{"index":"noindex","follow":"follow"},"og_locale":"fr_FR","og_type":"article","og_title":"Politique de confidentialit\u00e9 - OliKrom, leader des mat\u00e9riaux intelligents","og_description":"Retrouvez notre politique de confidentialit\u00e9. Cette politique s'applique \u00e0 tout internaute visitant le site.","og_url":"https:\/\/www.olikrom.com\/fr\/politique-de-confidentialite\/","og_site_name":"OliKrom","article_modified_time":"2023-04-27T08:29:25+00:00","og_image":[{"width":500,"height":500,"url":"https:\/\/www.olikrom.com\/wp-content\/uploads\/2022\/07\/logo-Olikrom-big.jpg","type":"image\/jpeg"}],"twitter_card":"summary_large_image","twitter_misc":{"Dur\u00e9e de lecture estim\u00e9e":"3 minutes"},"schema":{"@context":"https:\/\/schema.org","@graph":[{"@type":"WebPage","@id":"https:\/\/www.olikrom.com\/fr\/politique-de-confidentialite\/","url":"https:\/\/www.olikrom.com\/fr\/politique-de-confidentialite\/","name":"Politique de confidentialit\u00e9 - OliKrom, leader des mat\u00e9riaux intelligents","isPartOf":{"@id":"https:\/\/www.olikrom.com\/fr\/#website"},"primaryImageOfPage":{"@id":"https:\/\/www.olikrom.com\/fr\/politique-de-confidentialite\/#primaryimage"},"image":{"@id":"https:\/\/www.olikrom.com\/fr\/politique-de-confidentialite\/#primaryimage"},"thumbnailUrl":"https:\/\/www.olikrom.com\/wp-content\/uploads\/2022\/07\/logo-Olikrom-big.jpg","datePublished":"2022-02-21T10:27:55+00:00","dateModified":"2023-04-27T08:29:25+00:00","description":"Retrouvez notre politique de confidentialit\u00e9. Cette politique s'applique \u00e0 tout internaute visitant le site.","breadcrumb":{"@id":"https:\/\/www.olikrom.com\/fr\/politique-de-confidentialite\/#breadcrumb"},"inLanguage":"fr-FR","potentialAction":[{"@type":"ReadAction","target":["https:\/\/www.olikrom.com\/fr\/politique-de-confidentialite\/"]}]},{"@type":"ImageObject","inLanguage":"fr-FR","@id":"https:\/\/www.olikrom.com\/fr\/politique-de-confidentialite\/#primaryimage","url":"https:\/\/www.olikrom.com\/wp-content\/uploads\/2022\/07\/logo-Olikrom-big.jpg","contentUrl":"https:\/\/www.olikrom.com\/wp-content\/uploads\/2022\/07\/logo-Olikrom-big.jpg","width":500,"height":500,"caption":"logo-Olikrom"},{"@type":"BreadcrumbList","@id":"https:\/\/www.olikrom.com\/fr\/politique-de-confidentialite\/#breadcrumb","itemListElement":[{"@type":"ListItem","position":1,"name":"Home","item":"https:\/\/www.olikrom.com\/fr\/"},{"@type":"ListItem","position":2,"name":"Politique de confidentialit\u00e9"}]},{"@type":"WebSite","@id":"https:\/\/www.olikrom.com\/fr\/#website","url":"https:\/\/www.olikrom.com\/fr\/","name":"OliKrom","description":"","publisher":{"@id":"https:\/\/www.olikrom.com\/fr\/#organization"},"potentialAction":[{"@type":"SearchAction","target":{"@type":"EntryPoint","urlTemplate":"https:\/\/www.olikrom.com\/fr\/?s={search_term_string}"},"query-input":{"@type":"PropertyValueSpecification","valueRequired":true,"valueName":"search_term_string"}}],"inLanguage":"fr-FR"},{"@type":"Organization","@id":"https:\/\/www.olikrom.com\/fr\/#organization","name":"Olikrom","url":"https:\/\/www.olikrom.com\/fr\/","logo":{"@type":"ImageObject","inLanguage":"fr-FR","@id":"https:\/\/www.olikrom.com\/fr\/#\/schema\/logo\/image\/","url":"https:\/\/www.olikrom.com\/wp-content\/uploads\/2022\/01\/olikrom-logo-couleurs-2021-ok.png","contentUrl":"https:\/\/www.olikrom.com\/wp-content\/uploads\/2022\/01\/olikrom-logo-couleurs-2021-ok.png","width":285,"height":84,"caption":"Olikrom"},"image":{"@id":"https:\/\/www.olikrom.com\/fr\/#\/schema\/logo\/image\/"}}]}},"_links":{"self":[{"href":"https:\/\/www.olikrom.com\/fr\/wp-json\/wp\/v2\/pages\/18804","targetHints":{"allow":["GET"]}}],"collection":[{"href":"https:\/\/www.olikrom.com\/fr\/wp-json\/wp\/v2\/pages"}],"about":[{"href":"https:\/\/www.olikrom.com\/fr\/wp-json\/wp\/v2\/types\/page"}],"author":[{"embeddable":true,"href":"https:\/\/www.olikrom.com\/fr\/wp-json\/wp\/v2\/users\/4"}],"replies":[{"embeddable":true,"href":"https:\/\/www.olikrom.com\/fr\/wp-json\/wp\/v2\/comments?post=18804"}],"version-history":[{"count":5,"href":"https:\/\/www.olikrom.com\/fr\/wp-json\/wp\/v2\/pages\/18804\/revisions"}],"predecessor-version":[{"id":34662,"href":"https:\/\/www.olikrom.com\/fr\/wp-json\/wp\/v2\/pages\/18804\/revisions\/34662"}],"wp:featuredmedia":[{"embeddable":true,"href":"https:\/\/www.olikrom.com\/fr\/wp-json\/wp\/v2\/media\/28613"}],"wp:attachment":[{"href":"https:\/\/www.olikrom.com\/fr\/wp-json\/wp\/v2\/media?parent=18804"}],"curies":[{"name":"wp","href":"https:\/\/api.w.org\/{rel}","templated":true}]}}