{"id":13649,"date":"2018-10-25T17:45:10","date_gmt":"2018-10-25T15:45:10","guid":{"rendered":"http:\/\/localhost\/wordpress_base\/?page_id=13649"},"modified":"2023-04-27T10:29:32","modified_gmt":"2023-04-27T08:29:32","slug":"mentions-legales","status":"publish","type":"page","link":"https:\/\/www.olikrom.com\/fr\/mentions-legales\/","title":{"rendered":"Mentions l\u00e9gales"},"content":{"rendered":"<div id=\"pl-13649\"  class=\"panel-layout\" ><div id=\"pg-13649-0\"  class=\"panel-grid panel-no-style\" ><div id=\"pgc-13649-0-0\"  class=\"panel-grid-cell\" ><div id=\"panel-13649-0-0-0\" class=\"so-panel widget widget_sow-editor panel-first-child panel-last-child\" data-index=\"0\" ><div\n\t\t\t\n\t\t\tclass=\"so-widget-sow-editor so-widget-sow-editor-base\"\n\t\t\t\n\t\t>\n<div class=\"siteorigin-widget-tinymce textwidget\">\n\t<h2>\u00c9diteur du site<\/h2>\n<p>OliKrom<br \/>\nSAS au capital de 22 330\u20ac<br \/>\n2 Avenue de Canteranne<br \/>\n33600 PESSAC (France)<br \/>\nDirecteur de la publication : Jean-Fran\u00e7ois L\u00e9tard en qualit\u00e9 de PDG Fondateur.<\/p>\n<p>&nbsp;<\/p>\n<h2>Conception, r\u00e9alisation et h\u00e9bergement<\/h2>\n<p>Net concept<br \/>\n9 rue James Watt, 49070 Beaucouz\u00e9<br \/>\nT\u00e9l. : 02 41 22 00 26<br \/>\nAdresse e-mail :\u00a0<a href=\"mailto:contact@net-concept.fr\">contact@net-concept.fr<\/a><\/p>\n<p>&nbsp;<\/p>\n<h2>Propri\u00e9t\u00e9 intellectuelle<\/h2>\n<p>Le contenu de ce site est prot\u00e9g\u00e9 par la loi, notamment par les dispositions du Code de la propri\u00e9t\u00e9 intellectuelle. L\u2019ensemble des donn\u00e9es, contenus, pages, images, textes consultables sur le site www.olikrom.com sont sa propri\u00e9t\u00e9 exclusive ou celles de tiers qui lui ont conc\u00e9d\u00e9 ce droit et sont prot\u00e9g\u00e9es par le droit d\u2019auteur et le droit des bases de donn\u00e9es.<\/p>\n<p>Tous les \u00e9l\u00e9ments contenus sur ce site n'appartenant pas \u00e0 OliKrom SAS et cr\u00e9dit\u00e9s comme tels (photos, images, codes source, logos, produits ou marques cit\u00e9es...) sont la propri\u00e9t\u00e9 de leurs d\u00e9tenteurs respectifs.<\/p>\n<p>Toute utilisation (reproduction, repr\u00e9sentation, diffusion) de tout ou partie du contenu de ce site est soumise \u00e0 l'autorisation expresse pr\u00e9alable de la part d'OliKrom SAS. Toute utilisation autoris\u00e9e des \u00e9l\u00e9ments figurant dans le site devra se faire sans d\u00e9naturation, modification ou alt\u00e9ration de quelque mani\u00e8re que ce soit.<\/p>\n<p>&nbsp;<\/p>\n<h2>Cr\u00e9dits photo<\/h2>\n<p>OliKrom SAS, Alban Gilbert, Pexels, Pixabay.<\/p>\n<p>&nbsp;<\/p>\n<h2>Traitement des donn\u00e9es personnelles et politique de confidentialit\u00e9<\/h2>\n<p>Les informations recueillies aupr\u00e8s des visiteurs de ce site par le biais des formulaires de contact ou via des outils de mesure d\u2019audience sont destin\u00e9es exclusivement \u00e0 l\u2019usage de ce site Internet et trait\u00e9es dans le cadre des demandes de contact soumises. Elles ne sont en aucun cas communiqu\u00e9es \u00e0 des tiers.<\/p>\n<p>Nous vous invitons \u00e0 prendre connaissance de <a href=\"https:\/\/www.olikrom.com\/fr\/politique-de-confidentialite\/\">notre politique de confidentialit\u00e9<\/a> pour avoir toutes les informations utiles en ce qui concerne les traitements de donn\u00e9es \u00e0 caract\u00e8re personnel op\u00e9r\u00e9s par OliKrom SAS.<\/p>\n<p>Conform\u00e9ment aux articles 39 et suivants de la loi n\u00b0 78-17 du 6 janvier 1978 relative \u00e0 l\u2019informatique, aux fichiers et aux libert\u00e9s, toute personne peut obtenir communication et, le cas \u00e9ch\u00e9ant, rectification ou suppression des informations la concernant, en s\u2019adressant au directeur de publication. Toute personne peut \u00e9galement, pour des motifs l\u00e9gitimes, s\u2019opposer au traitement des donn\u00e9es la concernant. Pour nous contacter, <a href=\"mailto:contact@olikrom.com\">envoyez-nous un message<\/a>.<\/p>\n<p>&nbsp;<\/p>\n<h2>Cookies et vie priv\u00e9e<\/h2>\n<p>Les cookies de ce site sont exempt\u00e9s de recueil de consentement comme le permet la d\u00e9lib\u00e9ration CNIL n\u00b02020-091, dans la mesure o\u00f9 ces derniers sont strictement n\u00e9cessaires au fonctionnement du site.<\/p>\n<p>Ce site Internet utilise deux outils de mesure d\u2019audience, Google Analytics et Matomo, qui peuvent n\u00e9cessiter l\u2019installation de cookies sur votre terminal. Ces cookies sont utilis\u00e9s exclusivement \u00e0 titre de mesures statistiques de ce site Internet (volume de fr\u00e9quentation, pages visit\u00e9es, origine g\u00e9ographique de l\u2019internaute\u2026).<\/p>\n<p>Pour en savoir plus, consultez <a href=\"https:\/\/www.olikrom.com\/fr\/politique-de-cookies-ue\/\">notre page de gestion des cookies<\/a>.<\/p>\n<p>&nbsp;<\/p>\n<h2>Droit applicable et juridiction comp\u00e9tente<\/h2>\n<p>Toute r\u00e9clamation ou poursuite concernant ce site ou son utilisation sont soumises au droit fran\u00e7ais. Les tribunaux du ressort de la Cour d\u2019appel de Bordeaux sont seuls comp\u00e9tents.<\/p>\n<p>&nbsp;<\/p>\n<h2>Conditions g\u00e9n\u00e9rales de vente<\/h2>\n<p>Consultez nos conditions g\u00e9n\u00e9rales de vente en t\u00e9l\u00e9chargeant le document pdf ci-dessous.<\/p>\n<\/div>\n<\/div><\/div><\/div><\/div><div id=\"pg-13649-1\"  class=\"panel-grid panel-has-style\" ><div class=\"image_point_bas_gauche panel-row-style panel-row-style-for-13649-1\" ><div id=\"pgc-13649-1-0\"  class=\"panel-grid-cell\" ><div id=\"panel-13649-1-0-0\" class=\"so-panel widget widget_sow-editor panel-first-child panel-last-child\" data-index=\"1\" ><div class=\"bordure_gauche_orange panel-widget-style panel-widget-style-for-13649-1-0-0\" ><div\n\t\t\t\n\t\t\tclass=\"so-widget-sow-editor so-widget-sow-editor-base\"\n\t\t\t\n\t\t>\n<div class=\"siteorigin-widget-tinymce textwidget\">\n\t<div class=\"intermediaire_noir\">T\u00e9l\u00e9chargez nos CGV\u00a0 \u00a0<a href=\"https:\/\/www.olikrom.com\/wp-content\/uploads\/2022\/07\/cgv-olikrom-vf08.04.2021.pdf\" target=\"_blank\" rel=\"noopener\"><img loading=\"lazy\" decoding=\"async\" class=\"size-full wp-image-18001 alignnone\" src=\"https:\/\/www.olikrom.com\/wp-content\/uploads\/2022\/01\/telecharger-01.png\" alt=\"\" width=\"33\" height=\"41\" \/><\/a><\/div>\n<\/div>\n<\/div><\/div><\/div><\/div><\/div><\/div><div id=\"pg-13649-2\"  class=\"panel-grid panel-no-style\" ><div id=\"pgc-13649-2-0\"  class=\"panel-grid-cell\" >\t\t<!-- not cached-link-it-widget --><div id=\"panel-13649-2-0-0\" class=\"so-panel widget widget_netconcept_link_it panel-first-child panel-last-child\" data-index=\"2\" ><div id=\"pl-17578\"  class=\"panel-layout\" ><div id=\"pg-17578-0\"  class=\"panel-grid panel-has-style\" ><div class=\"texte_blanc filtre_image bloc_newsletter siteorigin-panels-stretch panel-row-style panel-row-style-for-17578-0\" data-stretch-type=\"full\" ><div id=\"pgc-17578-0-0\"  class=\"panel-grid-cell\" ><div id=\"panel-17578-0-0-0\" class=\"so-panel widget widget_siteorigin-panels-builder panel-first-child panel-last-child\" data-index=\"0\" ><div id=\"pl-w636b6574e1a5d\"  class=\"panel-layout\" ><div id=\"pg-w636b6574e1a5d-0\"  class=\"panel-grid panel-has-style\" ><div class=\"taille_grille bloc_newsletter panel-row-style panel-row-style-for-w636b6574e1a5d-0\" ><div id=\"pgc-w636b6574e1a5d-0-0\"  class=\"panel-grid-cell\" ><div id=\"panel-w636b6574e1a5d-0-0-0\" class=\"so-panel widget widget_sow-editor panel-first-child panel-last-child\" data-index=\"0\" ><div\n\t\t\t\n\t\t\tclass=\"so-widget-sow-editor so-widget-sow-editor-base\"\n\t\t\t\n\t\t>\n<div class=\"siteorigin-widget-tinymce textwidget\">\n\t<div class=\"h3-like\" style=\"text-align: center;\"><span style=\"font-size: 36px;\">Newsletter<\/span><\/div>\n<p style=\"text-align: center;\"><span style=\"font-size: 24px;\">Recevez les innovations et les actualit\u00e9s OliKrom dans votre bo\u00eete mail !<\/span><\/p>\n<p style=\"text-align: center;\">\n<div class=\"btn_orange\" style=\"text-align: center;\"><a href=\"https:\/\/www.olikrom.com\/fr\/inscription-newsletter\/\">Je m'abonne<\/a><\/div><\/p>\n<\/div>\n<\/div><\/div><\/div><\/div><\/div><\/div><\/div><\/div><\/div><\/div><\/div><\/div><!-- not cached-link-it-widget --><\/div><\/div><\/div>","protected":false},"excerpt":{"rendered":"<p>\u00c9diteur du site OliKrom SAS au capital de 22 330\u20ac 2 Avenue de Canteranne 33600 PESSAC (France) Directeur de la publication : Jean-Fran\u00e7ois L\u00e9tard en qualit\u00e9 de PDG Fondateur. [&hellip;]<\/p>\n","protected":false},"author":4,"featured_media":28613,"parent":0,"menu_order":149,"comment_status":"closed","ping_status":"closed","template":"","meta":{"inline_featured_image":false,"footnotes":""},"class_list":["post-13649","page","type-page","status-publish","has-post-thumbnail","hentry"],"yoast_head":"<!-- This site is optimized with the Yoast SEO plugin v27.5 - https:\/\/yoast.com\/product\/yoast-seo-wordpress\/ -->\n<title>Mentions l\u00e9gales - Conditions d&#039;utilisation - CGV - OliKrom SAS<\/title>\n<meta name=\"description\" content=\"Retrouvez l&#039;ensemble des mentions l\u00e9gales du site OliKrom SAS. Ces mentions l\u00e9gales s&#039;appliquent \u00e0 tout internaute visitant le site.\" \/>\n<meta name=\"robots\" content=\"noindex, follow\" \/>\n<meta property=\"og:locale\" content=\"fr_FR\" \/>\n<meta property=\"og:type\" content=\"article\" \/>\n<meta property=\"og:title\" content=\"Mentions l\u00e9gales - Conditions d&#039;utilisation - CGV - OliKrom SAS\" \/>\n<meta property=\"og:description\" content=\"Retrouvez l&#039;ensemble des mentions l\u00e9gales du site OliKrom SAS. Ces mentions l\u00e9gales s&#039;appliquent \u00e0 tout internaute visitant le site.\" \/>\n<meta property=\"og:url\" content=\"https:\/\/www.olikrom.com\/fr\/mentions-legales\/\" \/>\n<meta property=\"og:site_name\" content=\"OliKrom\" \/>\n<meta property=\"article:modified_time\" content=\"2023-04-27T08:29:32+00:00\" \/>\n<meta property=\"og:image\" content=\"https:\/\/www.olikrom.com\/wp-content\/uploads\/2022\/07\/logo-Olikrom-big.jpg\" \/>\n\t<meta property=\"og:image:width\" content=\"500\" \/>\n\t<meta property=\"og:image:height\" content=\"500\" \/>\n\t<meta property=\"og:image:type\" content=\"image\/jpeg\" \/>\n<meta name=\"twitter:card\" content=\"summary_large_image\" \/>\n<meta name=\"twitter:label1\" content=\"Dur\u00e9e de lecture estim\u00e9e\" \/>\n\t<meta name=\"twitter:data1\" content=\"3 minutes\" \/>\n<script type=\"application\/ld+json\" class=\"yoast-schema-graph\">{\"@context\":\"https:\\\/\\\/schema.org\",\"@graph\":[{\"@type\":\"WebPage\",\"@id\":\"https:\\\/\\\/www.olikrom.com\\\/fr\\\/mentions-legales\\\/\",\"url\":\"https:\\\/\\\/www.olikrom.com\\\/fr\\\/mentions-legales\\\/\",\"name\":\"Mentions l\u00e9gales - Conditions d'utilisation - CGV - OliKrom SAS\",\"isPartOf\":{\"@id\":\"https:\\\/\\\/www.olikrom.com\\\/fr\\\/#website\"},\"primaryImageOfPage\":{\"@id\":\"https:\\\/\\\/www.olikrom.com\\\/fr\\\/mentions-legales\\\/#primaryimage\"},\"image\":{\"@id\":\"https:\\\/\\\/www.olikrom.com\\\/fr\\\/mentions-legales\\\/#primaryimage\"},\"thumbnailUrl\":\"https:\\\/\\\/www.olikrom.com\\\/wp-content\\\/uploads\\\/2022\\\/07\\\/logo-Olikrom-big.jpg\",\"datePublished\":\"2018-10-25T15:45:10+00:00\",\"dateModified\":\"2023-04-27T08:29:32+00:00\",\"description\":\"Retrouvez l'ensemble des mentions l\u00e9gales du site OliKrom SAS. Ces mentions l\u00e9gales s'appliquent \u00e0 tout internaute visitant le site.\",\"breadcrumb\":{\"@id\":\"https:\\\/\\\/www.olikrom.com\\\/fr\\\/mentions-legales\\\/#breadcrumb\"},\"inLanguage\":\"fr-FR\",\"potentialAction\":[{\"@type\":\"ReadAction\",\"target\":[\"https:\\\/\\\/www.olikrom.com\\\/fr\\\/mentions-legales\\\/\"]}]},{\"@type\":\"ImageObject\",\"inLanguage\":\"fr-FR\",\"@id\":\"https:\\\/\\\/www.olikrom.com\\\/fr\\\/mentions-legales\\\/#primaryimage\",\"url\":\"https:\\\/\\\/www.olikrom.com\\\/wp-content\\\/uploads\\\/2022\\\/07\\\/logo-Olikrom-big.jpg\",\"contentUrl\":\"https:\\\/\\\/www.olikrom.com\\\/wp-content\\\/uploads\\\/2022\\\/07\\\/logo-Olikrom-big.jpg\",\"width\":500,\"height\":500,\"caption\":\"logo-Olikrom\"},{\"@type\":\"BreadcrumbList\",\"@id\":\"https:\\\/\\\/www.olikrom.com\\\/fr\\\/mentions-legales\\\/#breadcrumb\",\"itemListElement\":[{\"@type\":\"ListItem\",\"position\":1,\"name\":\"Home\",\"item\":\"https:\\\/\\\/www.olikrom.com\\\/fr\\\/\"},{\"@type\":\"ListItem\",\"position\":2,\"name\":\"Mentions l\u00e9gales\"}]},{\"@type\":\"WebSite\",\"@id\":\"https:\\\/\\\/www.olikrom.com\\\/fr\\\/#website\",\"url\":\"https:\\\/\\\/www.olikrom.com\\\/fr\\\/\",\"name\":\"OliKrom\",\"description\":\"\",\"publisher\":{\"@id\":\"https:\\\/\\\/www.olikrom.com\\\/fr\\\/#organization\"},\"potentialAction\":[{\"@type\":\"SearchAction\",\"target\":{\"@type\":\"EntryPoint\",\"urlTemplate\":\"https:\\\/\\\/www.olikrom.com\\\/fr\\\/?s={search_term_string}\"},\"query-input\":{\"@type\":\"PropertyValueSpecification\",\"valueRequired\":true,\"valueName\":\"search_term_string\"}}],\"inLanguage\":\"fr-FR\"},{\"@type\":\"Organization\",\"@id\":\"https:\\\/\\\/www.olikrom.com\\\/fr\\\/#organization\",\"name\":\"Olikrom\",\"url\":\"https:\\\/\\\/www.olikrom.com\\\/fr\\\/\",\"logo\":{\"@type\":\"ImageObject\",\"inLanguage\":\"fr-FR\",\"@id\":\"https:\\\/\\\/www.olikrom.com\\\/fr\\\/#\\\/schema\\\/logo\\\/image\\\/\",\"url\":\"https:\\\/\\\/www.olikrom.com\\\/wp-content\\\/uploads\\\/2022\\\/01\\\/olikrom-logo-couleurs-2021-ok.png\",\"contentUrl\":\"https:\\\/\\\/www.olikrom.com\\\/wp-content\\\/uploads\\\/2022\\\/01\\\/olikrom-logo-couleurs-2021-ok.png\",\"width\":285,\"height\":84,\"caption\":\"Olikrom\"},\"image\":{\"@id\":\"https:\\\/\\\/www.olikrom.com\\\/fr\\\/#\\\/schema\\\/logo\\\/image\\\/\"}}]}<\/script>\n<!-- \/ Yoast SEO plugin. -->","yoast_head_json":{"title":"Mentions l\u00e9gales - Conditions d'utilisation - CGV - OliKrom SAS","description":"Retrouvez l'ensemble des mentions l\u00e9gales du site OliKrom SAS. Ces mentions l\u00e9gales s'appliquent \u00e0 tout internaute visitant le site.","robots":{"index":"noindex","follow":"follow"},"og_locale":"fr_FR","og_type":"article","og_title":"Mentions l\u00e9gales - Conditions d'utilisation - CGV - OliKrom SAS","og_description":"Retrouvez l'ensemble des mentions l\u00e9gales du site OliKrom SAS. Ces mentions l\u00e9gales s'appliquent \u00e0 tout internaute visitant le site.","og_url":"https:\/\/www.olikrom.com\/fr\/mentions-legales\/","og_site_name":"OliKrom","article_modified_time":"2023-04-27T08:29:32+00:00","og_image":[{"width":500,"height":500,"url":"https:\/\/www.olikrom.com\/wp-content\/uploads\/2022\/07\/logo-Olikrom-big.jpg","type":"image\/jpeg"}],"twitter_card":"summary_large_image","twitter_misc":{"Dur\u00e9e de lecture estim\u00e9e":"3 minutes"},"schema":{"@context":"https:\/\/schema.org","@graph":[{"@type":"WebPage","@id":"https:\/\/www.olikrom.com\/fr\/mentions-legales\/","url":"https:\/\/www.olikrom.com\/fr\/mentions-legales\/","name":"Mentions l\u00e9gales - Conditions d'utilisation - CGV - OliKrom SAS","isPartOf":{"@id":"https:\/\/www.olikrom.com\/fr\/#website"},"primaryImageOfPage":{"@id":"https:\/\/www.olikrom.com\/fr\/mentions-legales\/#primaryimage"},"image":{"@id":"https:\/\/www.olikrom.com\/fr\/mentions-legales\/#primaryimage"},"thumbnailUrl":"https:\/\/www.olikrom.com\/wp-content\/uploads\/2022\/07\/logo-Olikrom-big.jpg","datePublished":"2018-10-25T15:45:10+00:00","dateModified":"2023-04-27T08:29:32+00:00","description":"Retrouvez l'ensemble des mentions l\u00e9gales du site OliKrom SAS. Ces mentions l\u00e9gales s'appliquent \u00e0 tout internaute visitant le site.","breadcrumb":{"@id":"https:\/\/www.olikrom.com\/fr\/mentions-legales\/#breadcrumb"},"inLanguage":"fr-FR","potentialAction":[{"@type":"ReadAction","target":["https:\/\/www.olikrom.com\/fr\/mentions-legales\/"]}]},{"@type":"ImageObject","inLanguage":"fr-FR","@id":"https:\/\/www.olikrom.com\/fr\/mentions-legales\/#primaryimage","url":"https:\/\/www.olikrom.com\/wp-content\/uploads\/2022\/07\/logo-Olikrom-big.jpg","contentUrl":"https:\/\/www.olikrom.com\/wp-content\/uploads\/2022\/07\/logo-Olikrom-big.jpg","width":500,"height":500,"caption":"logo-Olikrom"},{"@type":"BreadcrumbList","@id":"https:\/\/www.olikrom.com\/fr\/mentions-legales\/#breadcrumb","itemListElement":[{"@type":"ListItem","position":1,"name":"Home","item":"https:\/\/www.olikrom.com\/fr\/"},{"@type":"ListItem","position":2,"name":"Mentions l\u00e9gales"}]},{"@type":"WebSite","@id":"https:\/\/www.olikrom.com\/fr\/#website","url":"https:\/\/www.olikrom.com\/fr\/","name":"OliKrom","description":"","publisher":{"@id":"https:\/\/www.olikrom.com\/fr\/#organization"},"potentialAction":[{"@type":"SearchAction","target":{"@type":"EntryPoint","urlTemplate":"https:\/\/www.olikrom.com\/fr\/?s={search_term_string}"},"query-input":{"@type":"PropertyValueSpecification","valueRequired":true,"valueName":"search_term_string"}}],"inLanguage":"fr-FR"},{"@type":"Organization","@id":"https:\/\/www.olikrom.com\/fr\/#organization","name":"Olikrom","url":"https:\/\/www.olikrom.com\/fr\/","logo":{"@type":"ImageObject","inLanguage":"fr-FR","@id":"https:\/\/www.olikrom.com\/fr\/#\/schema\/logo\/image\/","url":"https:\/\/www.olikrom.com\/wp-content\/uploads\/2022\/01\/olikrom-logo-couleurs-2021-ok.png","contentUrl":"https:\/\/www.olikrom.com\/wp-content\/uploads\/2022\/01\/olikrom-logo-couleurs-2021-ok.png","width":285,"height":84,"caption":"Olikrom"},"image":{"@id":"https:\/\/www.olikrom.com\/fr\/#\/schema\/logo\/image\/"}}]}},"_links":{"self":[{"href":"https:\/\/www.olikrom.com\/fr\/wp-json\/wp\/v2\/pages\/13649","targetHints":{"allow":["GET"]}}],"collection":[{"href":"https:\/\/www.olikrom.com\/fr\/wp-json\/wp\/v2\/pages"}],"about":[{"href":"https:\/\/www.olikrom.com\/fr\/wp-json\/wp\/v2\/types\/page"}],"author":[{"embeddable":true,"href":"https:\/\/www.olikrom.com\/fr\/wp-json\/wp\/v2\/users\/4"}],"replies":[{"embeddable":true,"href":"https:\/\/www.olikrom.com\/fr\/wp-json\/wp\/v2\/comments?post=13649"}],"version-history":[{"count":5,"href":"https:\/\/www.olikrom.com\/fr\/wp-json\/wp\/v2\/pages\/13649\/revisions"}],"predecessor-version":[{"id":34664,"href":"https:\/\/www.olikrom.com\/fr\/wp-json\/wp\/v2\/pages\/13649\/revisions\/34664"}],"wp:featuredmedia":[{"embeddable":true,"href":"https:\/\/www.olikrom.com\/fr\/wp-json\/wp\/v2\/media\/28613"}],"wp:attachment":[{"href":"https:\/\/www.olikrom.com\/fr\/wp-json\/wp\/v2\/media?parent=13649"}],"curies":[{"name":"wp","href":"https:\/\/api.w.org\/{rel}","templated":true}]}}