{"id":13419,"date":"2017-11-28T16:13:59","date_gmt":"2017-11-28T14:13:59","guid":{"rendered":"http:\/\/localhost\/appi\/?page_id=13419"},"modified":"2023-04-27T10:27:59","modified_gmt":"2023-04-27T08:27:59","slug":"validation-contact","status":"publish","type":"page","link":"https:\/\/www.olikrom.com\/fr\/candidature\/","title":{"rendered":"Validation candidature"},"content":{"rendered":"<div id=\"pl-13419\"  class=\"panel-layout\" ><div id=\"pg-13419-0\"  class=\"panel-grid panel-no-style\" ><div id=\"pgc-13419-0-0\"  class=\"panel-grid-cell\" ><div id=\"panel-13419-0-0-0\" class=\"so-panel widget widget_sow-editor panel-first-child\" data-index=\"0\" ><div\n\t\t\t\n\t\t\tclass=\"so-widget-sow-editor so-widget-sow-editor-base\"\n\t\t\t\n\t\t>\n<div class=\"siteorigin-widget-tinymce textwidget\">\n\t<p>Bonjour,<\/p>\n<p>Nous vous remercions pour votre message et vous confirmons que celui-ci a bien \u00e9t\u00e9 transmis aux \u00e9quipes concern\u00e9es.<\/p>\n<p>Nous vous apporterons une r\u00e9ponse d\u00e8s que possible.<\/p>\n<\/div>\n<\/div><\/div><div id=\"panel-13419-0-0-1\" class=\"widget_text so-panel widget widget_custom_html panel-last-child\" data-index=\"1\" ><div class=\"textwidget custom-html-widget\"><script>\ndataLayer.push({\n 'event': 'job_form_submitted',\n 'form_id': '12',\n 'form_name': 'Formulaire je postule',\n });\n<\/script><\/div><\/div><\/div><\/div><\/div>","protected":false},"excerpt":{"rendered":"<p>Bonjour, Nous vous remercions pour votre message et vous confirmons que celui-ci a bien \u00e9t\u00e9 transmis aux \u00e9quipes concern\u00e9es. Nous vous apporterons une r\u00e9ponse d\u00e8s que possible.<\/p>\n","protected":false},"author":4,"featured_media":0,"parent":17908,"menu_order":44,"comment_status":"closed","ping_status":"closed","template":"","meta":{"inline_featured_image":false,"footnotes":""},"class_list":["post-13419","page","type-page","status-publish","hentry"],"yoast_head":"<!-- This site is optimized with the Yoast SEO plugin v27.3 - https:\/\/yoast.com\/product\/yoast-seo-wordpress\/ -->\n<title>Validation candidature - OliKrom<\/title>\n<meta name=\"description\" content=\"Merci pour votre candidature pour un emploi au sein des \u00e9quipes OliKrom. Nous revenons vers vous d\u00e8s que possible.\" \/>\n<meta name=\"robots\" content=\"noindex, follow\" \/>\n<meta property=\"og:locale\" content=\"fr_FR\" \/>\n<meta property=\"og:type\" content=\"article\" \/>\n<meta property=\"og:title\" content=\"Validation candidature - OliKrom\" \/>\n<meta property=\"og:description\" content=\"Merci pour votre candidature pour un emploi au sein des \u00e9quipes OliKrom. Nous revenons vers vous d\u00e8s que possible.\" \/>\n<meta property=\"og:url\" content=\"https:\/\/www.olikrom.com\/fr\/candidature\/\" \/>\n<meta property=\"og:site_name\" content=\"OliKrom\" \/>\n<meta property=\"article:modified_time\" content=\"2023-04-27T08:27:59+00:00\" \/>\n<meta name=\"twitter:card\" content=\"summary_large_image\" \/>\n<script type=\"application\/ld+json\" class=\"yoast-schema-graph\">{\"@context\":\"https:\\\/\\\/schema.org\",\"@graph\":[{\"@type\":\"WebPage\",\"@id\":\"https:\\\/\\\/www.olikrom.com\\\/fr\\\/candidature\\\/\",\"url\":\"https:\\\/\\\/www.olikrom.com\\\/fr\\\/candidature\\\/\",\"name\":\"Validation candidature - OliKrom\",\"isPartOf\":{\"@id\":\"https:\\\/\\\/www.olikrom.com\\\/fr\\\/#website\"},\"datePublished\":\"2017-11-28T14:13:59+00:00\",\"dateModified\":\"2023-04-27T08:27:59+00:00\",\"description\":\"Merci pour votre candidature pour un emploi au sein des \u00e9quipes OliKrom. Nous revenons vers vous d\u00e8s que possible.\",\"breadcrumb\":{\"@id\":\"https:\\\/\\\/www.olikrom.com\\\/fr\\\/candidature\\\/#breadcrumb\"},\"inLanguage\":\"fr-FR\",\"potentialAction\":[{\"@type\":\"ReadAction\",\"target\":[\"https:\\\/\\\/www.olikrom.com\\\/fr\\\/candidature\\\/\"]}]},{\"@type\":\"BreadcrumbList\",\"@id\":\"https:\\\/\\\/www.olikrom.com\\\/fr\\\/candidature\\\/#breadcrumb\",\"itemListElement\":[{\"@type\":\"ListItem\",\"position\":1,\"name\":\"Home\",\"item\":\"https:\\\/\\\/www.olikrom.com\\\/fr\\\/\"},{\"@type\":\"ListItem\",\"position\":2,\"name\":\"Soci\u00e9t\u00e9\",\"item\":\"https:\\\/\\\/www.olikrom.com\\\/fr\\\/societe\\\/\"},{\"@type\":\"ListItem\",\"position\":3,\"name\":\"Travailler chez OliKrom\",\"item\":\"https:\\\/\\\/www.olikrom.com\\\/fr\\\/travailler-chez-olikrom\\\/\"},{\"@type\":\"ListItem\",\"position\":4,\"name\":\"Validation candidature\"}]},{\"@type\":\"WebSite\",\"@id\":\"https:\\\/\\\/www.olikrom.com\\\/fr\\\/#website\",\"url\":\"https:\\\/\\\/www.olikrom.com\\\/fr\\\/\",\"name\":\"OliKrom\",\"description\":\"\",\"publisher\":{\"@id\":\"https:\\\/\\\/www.olikrom.com\\\/fr\\\/#organization\"},\"potentialAction\":[{\"@type\":\"SearchAction\",\"target\":{\"@type\":\"EntryPoint\",\"urlTemplate\":\"https:\\\/\\\/www.olikrom.com\\\/fr\\\/?s={search_term_string}\"},\"query-input\":{\"@type\":\"PropertyValueSpecification\",\"valueRequired\":true,\"valueName\":\"search_term_string\"}}],\"inLanguage\":\"fr-FR\"},{\"@type\":\"Organization\",\"@id\":\"https:\\\/\\\/www.olikrom.com\\\/fr\\\/#organization\",\"name\":\"Olikrom\",\"url\":\"https:\\\/\\\/www.olikrom.com\\\/fr\\\/\",\"logo\":{\"@type\":\"ImageObject\",\"inLanguage\":\"fr-FR\",\"@id\":\"https:\\\/\\\/www.olikrom.com\\\/fr\\\/#\\\/schema\\\/logo\\\/image\\\/\",\"url\":\"https:\\\/\\\/www.olikrom.com\\\/wp-content\\\/uploads\\\/2022\\\/01\\\/olikrom-logo-couleurs-2021-ok.png\",\"contentUrl\":\"https:\\\/\\\/www.olikrom.com\\\/wp-content\\\/uploads\\\/2022\\\/01\\\/olikrom-logo-couleurs-2021-ok.png\",\"width\":285,\"height\":84,\"caption\":\"Olikrom\"},\"image\":{\"@id\":\"https:\\\/\\\/www.olikrom.com\\\/fr\\\/#\\\/schema\\\/logo\\\/image\\\/\"}}]}<\/script>\n<!-- \/ Yoast SEO plugin. -->","yoast_head_json":{"title":"Validation candidature - OliKrom","description":"Merci pour votre candidature pour un emploi au sein des \u00e9quipes OliKrom. Nous revenons vers vous d\u00e8s que possible.","robots":{"index":"noindex","follow":"follow"},"og_locale":"fr_FR","og_type":"article","og_title":"Validation candidature - OliKrom","og_description":"Merci pour votre candidature pour un emploi au sein des \u00e9quipes OliKrom. Nous revenons vers vous d\u00e8s que possible.","og_url":"https:\/\/www.olikrom.com\/fr\/candidature\/","og_site_name":"OliKrom","article_modified_time":"2023-04-27T08:27:59+00:00","twitter_card":"summary_large_image","schema":{"@context":"https:\/\/schema.org","@graph":[{"@type":"WebPage","@id":"https:\/\/www.olikrom.com\/fr\/candidature\/","url":"https:\/\/www.olikrom.com\/fr\/candidature\/","name":"Validation candidature - OliKrom","isPartOf":{"@id":"https:\/\/www.olikrom.com\/fr\/#website"},"datePublished":"2017-11-28T14:13:59+00:00","dateModified":"2023-04-27T08:27:59+00:00","description":"Merci pour votre candidature pour un emploi au sein des \u00e9quipes OliKrom. Nous revenons vers vous d\u00e8s que possible.","breadcrumb":{"@id":"https:\/\/www.olikrom.com\/fr\/candidature\/#breadcrumb"},"inLanguage":"fr-FR","potentialAction":[{"@type":"ReadAction","target":["https:\/\/www.olikrom.com\/fr\/candidature\/"]}]},{"@type":"BreadcrumbList","@id":"https:\/\/www.olikrom.com\/fr\/candidature\/#breadcrumb","itemListElement":[{"@type":"ListItem","position":1,"name":"Home","item":"https:\/\/www.olikrom.com\/fr\/"},{"@type":"ListItem","position":2,"name":"Soci\u00e9t\u00e9","item":"https:\/\/www.olikrom.com\/fr\/societe\/"},{"@type":"ListItem","position":3,"name":"Travailler chez OliKrom","item":"https:\/\/www.olikrom.com\/fr\/travailler-chez-olikrom\/"},{"@type":"ListItem","position":4,"name":"Validation candidature"}]},{"@type":"WebSite","@id":"https:\/\/www.olikrom.com\/fr\/#website","url":"https:\/\/www.olikrom.com\/fr\/","name":"OliKrom","description":"","publisher":{"@id":"https:\/\/www.olikrom.com\/fr\/#organization"},"potentialAction":[{"@type":"SearchAction","target":{"@type":"EntryPoint","urlTemplate":"https:\/\/www.olikrom.com\/fr\/?s={search_term_string}"},"query-input":{"@type":"PropertyValueSpecification","valueRequired":true,"valueName":"search_term_string"}}],"inLanguage":"fr-FR"},{"@type":"Organization","@id":"https:\/\/www.olikrom.com\/fr\/#organization","name":"Olikrom","url":"https:\/\/www.olikrom.com\/fr\/","logo":{"@type":"ImageObject","inLanguage":"fr-FR","@id":"https:\/\/www.olikrom.com\/fr\/#\/schema\/logo\/image\/","url":"https:\/\/www.olikrom.com\/wp-content\/uploads\/2022\/01\/olikrom-logo-couleurs-2021-ok.png","contentUrl":"https:\/\/www.olikrom.com\/wp-content\/uploads\/2022\/01\/olikrom-logo-couleurs-2021-ok.png","width":285,"height":84,"caption":"Olikrom"},"image":{"@id":"https:\/\/www.olikrom.com\/fr\/#\/schema\/logo\/image\/"}}]}},"_links":{"self":[{"href":"https:\/\/www.olikrom.com\/fr\/wp-json\/wp\/v2\/pages\/13419","targetHints":{"allow":["GET"]}}],"collection":[{"href":"https:\/\/www.olikrom.com\/fr\/wp-json\/wp\/v2\/pages"}],"about":[{"href":"https:\/\/www.olikrom.com\/fr\/wp-json\/wp\/v2\/types\/page"}],"author":[{"embeddable":true,"href":"https:\/\/www.olikrom.com\/fr\/wp-json\/wp\/v2\/users\/4"}],"replies":[{"embeddable":true,"href":"https:\/\/www.olikrom.com\/fr\/wp-json\/wp\/v2\/comments?post=13419"}],"version-history":[{"count":6,"href":"https:\/\/www.olikrom.com\/fr\/wp-json\/wp\/v2\/pages\/13419\/revisions"}],"predecessor-version":[{"id":34653,"href":"https:\/\/www.olikrom.com\/fr\/wp-json\/wp\/v2\/pages\/13419\/revisions\/34653"}],"up":[{"embeddable":true,"href":"https:\/\/www.olikrom.com\/fr\/wp-json\/wp\/v2\/pages\/17908"}],"wp:attachment":[{"href":"https:\/\/www.olikrom.com\/fr\/wp-json\/wp\/v2\/media?parent=13419"}],"curies":[{"name":"wp","href":"https:\/\/api.w.org\/{rel}","templated":true}]}}